{"id":11,"date":"2022-01-16T18:05:02","date_gmt":"2022-01-16T17:05:02","guid":{"rendered":"https:\/\/mathias-will-art.eu\/shop\/?page_id=11"},"modified":"2022-08-01T09:33:28","modified_gmt":"2022-08-01T07:33:28","slug":"rueckerstattung_rueckgaben","status":"publish","type":"page","link":"https:\/\/mathias-will-art.eu\/shop\/rueckerstattung_rueckgaben\/","title":{"rendered":"R\u00fcckerstattungen"},"content":{"rendered":"\r\n<p>Jeden Kauf von Arbeiten auf dieser Seite, k\u00f6nnen Sie, ohne Angabe von Gr\u00fcnden, <br> innerhalb von 14 Tagen nach erhalt der Ware r\u00fcckg\u00e4ngig machen. <br> Senden Sie mir dazu bitte einfach den Druck in einwandfreiem\r\nZustand zur\u00fcck. <br> Der Betrag wird Ihnen auf das von Ihnen angegebenes Konto zur\u00fcck erstattet.<\/p>\r\n\r\n<p>F\u00fcr mehr Info: <\/p>\r\n\r\n\r\n\r\n<p><a href=\"mailto:kontakt@mathias-will-art.eu\">kontakt@mathias-will-art.eu<\/a><\/p>\r\n","protected":false},"excerpt":{"rendered":"<p>Jeden Kauf von Arbeiten auf dieser Seite, k\u00f6nnen Sie, ohne Angabe von Gr\u00fcnden, innerhalb von 14 Tagen nach erhalt der Ware r\u00fcckg\u00e4ngig machen. Senden Sie mir dazu bitte einfach den Druck in einwandfreiem Zustand zur\u00fcck. Der Betrag wird Ihnen auf das von Ihnen angegebenes Konto zur\u00fcck erstattet. F\u00fcr mehr Info: kontakt@mathias-will-art.eu<\/p>\n","protected":false},"author":1,"featured_media":0,"parent":0,"menu_order":0,"comment_status":"closed","ping_status":"closed","template":"","meta":{"footnotes":""},"class_list":["post-11","page","type-page","status-publish","hentry"],"_links":{"self":[{"href":"https:\/\/mathias-will-art.eu\/shop\/wp-json\/wp\/v2\/pages\/11","targetHints":{"allow":["GET"]}}],"collection":[{"href":"https:\/\/mathias-will-art.eu\/shop\/wp-json\/wp\/v2\/pages"}],"about":[{"href":"https:\/\/mathias-will-art.eu\/shop\/wp-json\/wp\/v2\/types\/page"}],"author":[{"embeddable":true,"href":"https:\/\/mathias-will-art.eu\/shop\/wp-json\/wp\/v2\/users\/1"}],"replies":[{"embeddable":true,"href":"https:\/\/mathias-will-art.eu\/shop\/wp-json\/wp\/v2\/comments?post=11"}],"version-history":[{"count":9,"href":"https:\/\/mathias-will-art.eu\/shop\/wp-json\/wp\/v2\/pages\/11\/revisions"}],"predecessor-version":[{"id":158,"href":"https:\/\/mathias-will-art.eu\/shop\/wp-json\/wp\/v2\/pages\/11\/revisions\/158"}],"wp:attachment":[{"href":"https:\/\/mathias-will-art.eu\/shop\/wp-json\/wp\/v2\/media?parent=11"}],"curies":[{"name":"wp","href":"https:\/\/api.w.org\/{rel}","templated":true}]}}