{"id":2,"date":"2022-01-14T19:01:56","date_gmt":"2022-01-14T18:01:56","guid":{"rendered":"https:\/\/mathias-will-art.eu\/shop\/?page_id=2"},"modified":"2023-09-04T17:03:59","modified_gmt":"2023-09-04T15:03:59","slug":"beispiel-seite","status":"publish","type":"page","link":"https:\/\/mathias-will-art.eu\/shop\/","title":{"rendered":"\u00fcber diesen Shop"},"content":{"rendered":"<p>Willkommen in meinem Kunstshop.<\/p>\r\n<p>Schauen Sie sich eine kleine Kollektion limitierter Drucke meiner Kunstwerke an.<\/p>\r\n<p>Jeder Druck wurde mit Sorgfalt und Pr\u00e4zision auf hochwertigem Papier erstellt, wodurch auch kleinste Details gut repr\u00e4sentiert werden k\u00f6nnen. Die begrenzte Auflage von lediglich 50 Exemplaren pro Kunstwerk stellt sicher, dass Sie nicht nur ein Bild erwerben, sondern auch eine exklusive Verbindung zu meiner Kunst eingehen.<\/p>\r\n<p>Alleinstehende Qualle<\/p>\r\n<p><img loading=\"lazy\" decoding=\"async\" class=\"alignnone size-full wp-image-161\" src=\"https:\/\/mathias-will-art.eu\/shop\/wp-content\/uploads\/2023\/08\/qualle-Kopiered.jpg\" alt=\"alleinstehende Qualle\" width=\"1990\" height=\"1952\" srcset=\"https:\/\/mathias-will-art.eu\/shop\/wp-content\/uploads\/2023\/08\/qualle-Kopiered.jpg 1990w, https:\/\/mathias-will-art.eu\/shop\/wp-content\/uploads\/2023\/08\/qualle-Kopiered-300x294.jpg 300w, https:\/\/mathias-will-art.eu\/shop\/wp-content\/uploads\/2023\/08\/qualle-Kopiered-1024x1004.jpg 1024w, https:\/\/mathias-will-art.eu\/shop\/wp-content\/uploads\/2023\/08\/qualle-Kopiered-768x753.jpg 768w, https:\/\/mathias-will-art.eu\/shop\/wp-content\/uploads\/2023\/08\/qualle-Kopiered-1536x1507.jpg 1536w, https:\/\/mathias-will-art.eu\/shop\/wp-content\/uploads\/2023\/08\/qualle-Kopiered-624x612.jpg 624w\" sizes=\"auto, (max-width: 1990px) 100vw, 1990px\" \/><\/p>\r\n\r\n\r\n\r\n\r\n\r\n<p>Die Drucke werden alle auf hochwertigem Hahnem\u00fchle Papier ausgef\u00fchrt.\u00a0 Jedes Exemplar ist auf der R\u00fcckseite handsigniert und nummeriert.<\/p>\r\n<p><a href=\"https:\/\/mathias-will-art.eu\/shop\/shop\/\">Hier finden Sie eine \u00dcbersich<\/a>t, \u00fcber alle angebotenen Drucke:<\/p>\r\n<p>https:\/\/mathias-will-art.eu\/shop\/shop\/<\/p>\r\n<p>&nbsp;<\/p>\r\n\r\n<p>Sollten Sie auch Interesse an dem Erwerb eines Originals haben, schreiben Sie mir bitte eine kurze Nachricht: <a href=\"mailto:kontakt@mathias-will-art.eu\">kontakt@mathias-will-art.eu<\/a> <br \/><br \/>zur\u00fcck zur Hauptseite <br \/><a href=\"http:\/\/mathias-will-art.eu\">mathias-will-art.eu<\/a><\/p>","protected":false},"excerpt":{"rendered":"<p>Willkommen in meinem Kunstshop. Schauen Sie sich eine kleine Kollektion limitierter Drucke meiner Kunstwerke an. Jeder Druck wurde mit Sorgfalt und Pr\u00e4zision auf hochwertigem Papier erstellt, wodurch auch kleinste Details gut repr\u00e4sentiert werden k\u00f6nnen. Die begrenzte Auflage von lediglich 50 Exemplaren pro Kunstwerk stellt sicher, dass Sie nicht nur ein Bild erwerben, sondern auch eine [&hellip;]<\/p>\n","protected":false},"author":1,"featured_media":0,"parent":0,"menu_order":0,"comment_status":"closed","ping_status":"open","template":"page-templates\/full-width.php","meta":{"footnotes":""},"class_list":["post-2","page","type-page","status-publish","hentry"],"_links":{"self":[{"href":"https:\/\/mathias-will-art.eu\/shop\/wp-json\/wp\/v2\/pages\/2","targetHints":{"allow":["GET"]}}],"collection":[{"href":"https:\/\/mathias-will-art.eu\/shop\/wp-json\/wp\/v2\/pages"}],"about":[{"href":"https:\/\/mathias-will-art.eu\/shop\/wp-json\/wp\/v2\/types\/page"}],"author":[{"embeddable":true,"href":"https:\/\/mathias-will-art.eu\/shop\/wp-json\/wp\/v2\/users\/1"}],"replies":[{"embeddable":true,"href":"https:\/\/mathias-will-art.eu\/shop\/wp-json\/wp\/v2\/comments?post=2"}],"version-history":[{"count":31,"href":"https:\/\/mathias-will-art.eu\/shop\/wp-json\/wp\/v2\/pages\/2\/revisions"}],"predecessor-version":[{"id":167,"href":"https:\/\/mathias-will-art.eu\/shop\/wp-json\/wp\/v2\/pages\/2\/revisions\/167"}],"wp:attachment":[{"href":"https:\/\/mathias-will-art.eu\/shop\/wp-json\/wp\/v2\/media?parent=2"}],"curies":[{"name":"wp","href":"https:\/\/api.w.org\/{rel}","templated":true}]}}