{"id":107,"date":"2022-06-27T17:59:08","date_gmt":"2022-06-27T15:59:08","guid":{"rendered":"https:\/\/mathias-will-art.eu\/shop\/?post_type=product&#038;p=107"},"modified":"2022-07-08T08:50:42","modified_gmt":"2022-07-08T06:50:42","slug":"oefter-mal-frueher-nach-hause-gehen","status":"publish","type":"product","link":"https:\/\/mathias-will-art.eu\/shop\/produkt\/oefter-mal-frueher-nach-hause-gehen\/","title":{"rendered":"\u00d6fter mal fr\u00fcher nach Hause gehen&#8230;"},"content":{"rendered":"<p>Druck von Original \u00d6lgem\u00e4lde. Gr\u00f6\u00dfe des Motives: 40 x 40 cm.<br \/>\nHochwertiger Druck auf Hahnem\u00fchle Photo Rag Papier R\u00fcckseitig handsigniert und datiert. Alle Drucke von Originalmotiv werden mit einem<br \/>\nRand gedruckt (oben,link,rechts: 8cm unten: 10cm) <br \/> Limitierte Auflage 50 St\u00fcck nummeriert. <br \/> Fahren Sie mit der Maus \u00fcber die Darstellung, um Details anzusehen oder klicken Sie auf die Lupe f\u00fcr eine gro\u00dfe Darstellung.<\/p>\n<p>Bitte beachten Sie das die Lieferzeit <strong>grunds\u00e4tzlich 14 Tage betr\u00e4gt<\/strong>, da der Druck aus Gr\u00fcnden des Umweltschutzes erst nach Eingang der Bestellung in Auftrag gegeben wird.<\/p>\n<p>Sie k\u00f6nnen jede Arbeit innerhalb von 14 Tagen ohne Angabe von Gr\u00fcnden bei Nichtgefallen zur\u00fcck senden. Erstattung des Kaufpreises bei unbesch\u00e4digter Ware.<\/p>\n","protected":false},"excerpt":{"rendered":"<p>Druck von Original \u00d6lgem\u00e4lde. Gr\u00f6\u00dfe des Motives: 40 x 40 cm. Hochwertiger Druck auf Hahnem\u00fchle Photo Rag Papier R\u00fcckseitig handsigniert und datiert. Alle Drucke von Originalmotiv werden mit einem Rand gedruckt (oben,link,rechts: 8cm unten: 10cm) Limitierte Auflage 50 St\u00fcck nummeriert. Fahren Sie mit der Maus \u00fcber die Darstellung, um Details anzusehen oder klicken Sie auf [&hellip;]<\/p>\n","protected":false},"featured_media":108,"template":"","meta":[],"product_cat":[15],"product_tag":[],"class_list":["post-107","product","type-product","status-publish","has-post-thumbnail","hentry","product_cat-unkategorisiert"],"_links":{"self":[{"href":"https:\/\/mathias-will-art.eu\/shop\/wp-json\/wp\/v2\/product\/107","targetHints":{"allow":["GET"]}}],"collection":[{"href":"https:\/\/mathias-will-art.eu\/shop\/wp-json\/wp\/v2\/product"}],"about":[{"href":"https:\/\/mathias-will-art.eu\/shop\/wp-json\/wp\/v2\/types\/product"}],"wp:featuredmedia":[{"embeddable":true,"href":"https:\/\/mathias-will-art.eu\/shop\/wp-json\/wp\/v2\/media\/108"}],"wp:attachment":[{"href":"https:\/\/mathias-will-art.eu\/shop\/wp-json\/wp\/v2\/media?parent=107"}],"wp:term":[{"taxonomy":"product_cat","embeddable":true,"href":"https:\/\/mathias-will-art.eu\/shop\/wp-json\/wp\/v2\/product_cat?post=107"},{"taxonomy":"product_tag","embeddable":true,"href":"https:\/\/mathias-will-art.eu\/shop\/wp-json\/wp\/v2\/product_tag?post=107"}],"curies":[{"name":"wp","href":"https:\/\/api.w.org\/{rel}","templated":true}]}}